{"id":5415,"date":"2018-09-19T07:45:43","date_gmt":"2018-09-19T05:45:43","guid":{"rendered":"https:\/\/isuica.ro\/?page_id=5415"},"modified":"2019-03-11T15:14:11","modified_gmt":"2019-03-11T13:14:11","slug":"servicii","status":"publish","type":"page","link":"https:\/\/isuica.ro\/index.php\/servicii\/","title":{"rendered":"Servicii"},"content":{"rendered":"<p>[vc_row][\/vc_row][vc_row][vc_column][vc_column_text]<\/p>\n<h1>Activitati outdoor<\/h1>\n<p>Alegeti sanatea si relaxarea! Piscina, terenul de tenis, sauna \u015fi nenumaratele trasee de plimbare sunt op\u0163iunile care vor alunga stresul \u015fi oboseala acumulate \u00een ora\u015f.<\/p>\n<p>V\u0103 punem la dispozi\u0163ie:<\/p>\n<ul>\n<li>terenul de tenis<\/li>\n<li>piscina<\/li>\n<li>gr\u0103tar \u00een aer liber<\/li>\n<li>spa\u0163iu de joac\u0103<\/li>\n<li>foi\u015for<\/li>\n<\/ul>\n<p>\u2026 totul pentru a v\u0103 asigura relaxarea \u015fi deconectarea oric\u0103rui dejur la Pensiunea Isuica!<\/p>\n<h3>Activitati in door<\/h3>\n<p>Pensiunea Isuica v\u0103 ofer\u0103 cadrul ideal pentru a v\u0103 relaxa dup\u0103 stresul cotidian! Avem tot ceea ce ave\u0163i nevoie pentru a \u00eentre\u0163ine atmosfera \u00een interiorul pensiunii:<\/p>\n<h3>Sauna<\/h3>\n<p>dup\u0103 o zi plin\u0103 de drume\u0163ii \u015fi efort sportiv, o repriz\u0103 de saun\u0103 te va relaxa pe deplin!<\/p>\n<h3>Tenis de mas\u0103\/Biliard<\/h3>\n<p>\u00een zilele ploiase sau \u00een dup\u0103mesele reci de iarn\u0103 va pute\u0163i angrena \u00een competi\u0163ii relaxante<\/p>\n<h3>Tabere<\/h3>\n<p>Am organizat de-a lungul timpului diferite tabere pentru copii, oferind servicii excelente de cazare \u015fi mas\u0103!<\/p>\n<p>Al\u0103turi de personalul calificat, m\u00e2ncarea \u201cca la mama acas\u0103\u201d ne bucur\u0103m s\u0103 v\u0103 \u00eenc\u00e2nt\u0103m cu<\/p>\n<ul>\n<li>drume\u0163ii \/ trasee montane<\/li>\n<li>spa\u0163iu de joac\u0103<\/li>\n<li>piscin\u0103 \u00een aer liber<\/li>\n<li>sala de mese care se poate amenaja oric\u0103ror nevoi<\/li>\n<li>karaoke<\/li>\n<\/ul>\n<p>\u015ei cel mai important: siguran\u0163a oric\u0103ror activit\u0103\u0163i!<\/p>\n<h3>Masa<\/h3>\n<p>Micul dejun este inclus \u00een tariful camerelor.<\/p>\n<p>Pe l\u00e2ng\u0103 micul dejun bogat \u015fi variat ne face placere s\u0103 v\u0103 oferim o larg\u0103 varietate de manc\u0103ruri gatite\u00a0 din buc\u0103taria rom\u00e2neasc\u0103 \u015fi cea ungureasc\u0103!<\/p>\n<p>Totodat\u0103 v\u0103 invit\u0103m s\u0103 v\u0103 etala\u0163i aptitudinile gastronomice cu nelipsitele gr\u0103tare specifice oric\u0103rei ie\u015firi![\/vc_column_text][\/vc_column][\/vc_row][vc_row][vc_column css=&#8221;.vc_custom_1537525095857{padding-top: 50px !important;}&#8221;][vc_separator][\/vc_column][\/vc_row][vc_row][vc_column][vc_gallery interval=&#8221;5&#8243; images=&#8221;5690,5694,5695,5696,5697,5698,5702,5704,5705,5707,5710,5711,5714,5715,5716,5717,5718,5719,5720,5721,5722,5374,5381,5378,5372,5373,5380&#8243; img_size=&#8221;large&#8221; onclick=&#8221;&#8221; title=&#8221;Servicii Galerie&#8221; css=&#8221;.vc_custom_1552310004115{padding-right: 30px !important;padding-left: 30px !important;}&#8221;][\/vc_column][\/vc_row]<\/p>\n","protected":false},"excerpt":{"rendered":"<p>[vc_row][\/vc_row][vc_row][vc_column][vc_column_text] Activitati outdoor Alegeti sanatea si relaxarea! Piscina, terenul de tenis, sauna \u015fi nenumaratele trasee de plimbare sunt op\u0163iunile care vor alunga stresul \u015fi oboseala acumulate \u00een ora\u015f. V\u0103 punem la dispozi\u0163ie: terenul de tenis piscina gr\u0103tar \u00een aer liber [&hellip;]<\/p>\n","protected":false},"author":1,"featured_media":0,"parent":0,"menu_order":0,"comment_status":"closed","ping_status":"closed","template":"","meta":{"footnotes":""},"translation":{"provider":"WPGlobus","version":"3.0.0","language":"en","enabled_languages":["en"],"languages":{"en":{"title":true,"content":true,"excerpt":false}}},"yoast_head":"<!-- This site is optimized with the Yoast SEO plugin v23.5 - https:\/\/yoast.com\/wordpress\/plugins\/seo\/ -->\n<title>Servicii - Pensiunea Isuica Targu Mures (Ernei)<\/title>\n<meta name=\"robots\" content=\"index, follow, max-snippet:-1, max-image-preview:large, max-video-preview:-1\" \/>\n<link rel=\"canonical\" href=\"https:\/\/isuica.ro\/index.php\/servicii\/\" \/>\n<meta property=\"og:locale\" content=\"en_US\" \/>\n<meta property=\"og:type\" content=\"article\" \/>\n<meta property=\"og:title\" content=\"Servicii - Pensiunea Isuica Targu Mures (Ernei)\" \/>\n<meta property=\"og:url\" content=\"https:\/\/isuica.ro\/index.php\/servicii\/\" \/>\n<meta property=\"og:site_name\" content=\"Pensiunea Isuica Targu Mures (Ernei)\" \/>\n<meta property=\"article:modified_time\" content=\"2019-03-11T13:14:11+00:00\" \/>\n<meta name=\"twitter:card\" content=\"summary_large_image\" \/>\n<meta name=\"twitter:label1\" content=\"Est. reading time\" \/>\n\t<meta name=\"twitter:data1\" content=\"2 minutes\" \/>\n<script type=\"application\/ld+json\" class=\"yoast-schema-graph\">{\"@context\":\"https:\/\/schema.org\",\"@graph\":[{\"@type\":\"WebPage\",\"@id\":\"https:\/\/isuica.ro\/index.php\/servicii\/\",\"url\":\"https:\/\/isuica.ro\/index.php\/servicii\/\",\"name\":\"Servicii - Pensiunea Isuica Targu Mures (Ernei)\",\"isPartOf\":{\"@id\":\"https:\/\/isuica.ro\/#website\"},\"datePublished\":\"2018-09-19T05:45:43+00:00\",\"dateModified\":\"2019-03-11T13:14:11+00:00\",\"breadcrumb\":{\"@id\":\"https:\/\/isuica.ro\/index.php\/servicii\/#breadcrumb\"},\"inLanguage\":\"en-US\",\"potentialAction\":[{\"@type\":\"ReadAction\",\"target\":[\"https:\/\/isuica.ro\/index.php\/servicii\/\"]}]},{\"@type\":\"BreadcrumbList\",\"@id\":\"https:\/\/isuica.ro\/index.php\/servicii\/#breadcrumb\",\"itemListElement\":[{\"@type\":\"ListItem\",\"position\":1,\"name\":\"Prima pagin\u0103\",\"item\":\"https:\/\/isuica.ro\/\"},{\"@type\":\"ListItem\",\"position\":2,\"name\":\"Servicii\"}]},{\"@type\":\"WebSite\",\"@id\":\"https:\/\/isuica.ro\/#website\",\"url\":\"https:\/\/isuica.ro\/\",\"name\":\"Pensiunea Isuica Targu Mures (Ernei)\",\"description\":\"calitatea ne insipra\",\"potentialAction\":[{\"@type\":\"SearchAction\",\"target\":{\"@type\":\"EntryPoint\",\"urlTemplate\":\"https:\/\/isuica.ro\/?s={search_term_string}\"},\"query-input\":{\"@type\":\"PropertyValueSpecification\",\"valueRequired\":true,\"valueName\":\"search_term_string\"}}],\"inLanguage\":\"en-US\"}]}<\/script>\n<!-- \/ Yoast SEO plugin. -->","yoast_head_json":{"title":"Servicii - Pensiunea Isuica Targu Mures (Ernei)","robots":{"index":"index","follow":"follow","max-snippet":"max-snippet:-1","max-image-preview":"max-image-preview:large","max-video-preview":"max-video-preview:-1"},"canonical":"https:\/\/isuica.ro\/index.php\/servicii\/","og_locale":"en_US","og_type":"article","og_title":"Servicii - Pensiunea Isuica Targu Mures (Ernei)","og_url":"https:\/\/isuica.ro\/index.php\/servicii\/","og_site_name":"Pensiunea Isuica Targu Mures (Ernei)","article_modified_time":"2019-03-11T13:14:11+00:00","twitter_card":"summary_large_image","twitter_misc":{"Est. reading time":"2 minutes"},"schema":{"@context":"https:\/\/schema.org","@graph":[{"@type":"WebPage","@id":"https:\/\/isuica.ro\/index.php\/servicii\/","url":"https:\/\/isuica.ro\/index.php\/servicii\/","name":"Servicii - Pensiunea Isuica Targu Mures (Ernei)","isPartOf":{"@id":"https:\/\/isuica.ro\/#website"},"datePublished":"2018-09-19T05:45:43+00:00","dateModified":"2019-03-11T13:14:11+00:00","breadcrumb":{"@id":"https:\/\/isuica.ro\/index.php\/servicii\/#breadcrumb"},"inLanguage":"en-US","potentialAction":[{"@type":"ReadAction","target":["https:\/\/isuica.ro\/index.php\/servicii\/"]}]},{"@type":"BreadcrumbList","@id":"https:\/\/isuica.ro\/index.php\/servicii\/#breadcrumb","itemListElement":[{"@type":"ListItem","position":1,"name":"Prima pagin\u0103","item":"https:\/\/isuica.ro\/"},{"@type":"ListItem","position":2,"name":"Servicii"}]},{"@type":"WebSite","@id":"https:\/\/isuica.ro\/#website","url":"https:\/\/isuica.ro\/","name":"Pensiunea Isuica Targu Mures (Ernei)","description":"calitatea ne insipra","potentialAction":[{"@type":"SearchAction","target":{"@type":"EntryPoint","urlTemplate":"https:\/\/isuica.ro\/?s={search_term_string}"},"query-input":{"@type":"PropertyValueSpecification","valueRequired":true,"valueName":"search_term_string"}}],"inLanguage":"en-US"}]}},"_links":{"self":[{"href":"https:\/\/isuica.ro\/index.php\/wp-json\/wp\/v2\/pages\/5415"}],"collection":[{"href":"https:\/\/isuica.ro\/index.php\/wp-json\/wp\/v2\/pages"}],"about":[{"href":"https:\/\/isuica.ro\/index.php\/wp-json\/wp\/v2\/types\/page"}],"author":[{"embeddable":true,"href":"https:\/\/isuica.ro\/index.php\/wp-json\/wp\/v2\/users\/1"}],"replies":[{"embeddable":true,"href":"https:\/\/isuica.ro\/index.php\/wp-json\/wp\/v2\/comments?post=5415"}],"version-history":[{"count":24,"href":"https:\/\/isuica.ro\/index.php\/wp-json\/wp\/v2\/pages\/5415\/revisions"}],"predecessor-version":[{"id":5725,"href":"https:\/\/isuica.ro\/index.php\/wp-json\/wp\/v2\/pages\/5415\/revisions\/5725"}],"wp:attachment":[{"href":"https:\/\/isuica.ro\/index.php\/wp-json\/wp\/v2\/media?parent=5415"}],"curies":[{"name":"wp","href":"https:\/\/api.w.org\/{rel}","templated":true}]}}